{"id":2109,"date":"2021-04-09T22:31:13","date_gmt":"2021-04-09T20:31:13","guid":{"rendered":"http:\/\/konekt-art.pl\/?page_id=2109"},"modified":"2021-11-28T15:46:15","modified_gmt":"2021-11-28T14:46:15","slug":"panel-track","status":"publish","type":"page","link":"https:\/\/konekt-art.pl\/index.php\/produkty\/panel-track\/","title":{"rendered":"Panel track"},"content":{"rendered":"\n<h2 class=\"wp-block-heading\">Panel track to zas\u0142ony dodaj\u0105ce wn\u0119trzu nowoczesnego i stylowego charakteru. Jest to atrakcyjna dekoracja nie tylko okna, ale r\u00f3wnie\u017c \u015bciany.<\/h2>\n\n\n\n<p>Zas\u0142ony Panel track posiadaj\u0105 wiele zalet:<\/p>\n\n\n\n<ul class=\"wp-block-list\"><li>Dzi\u0119ki panelom mo\u017cesz podzieli\u0107 przestrze\u0144 prywatn\u0105 oraz publiczn\u0105,<\/li><li>dzieli wi\u0119ksz\u0105 przestrze\u0144 na mniejsze cz\u0119\u015bci,<\/li><li>daje ci mo\u017cliwo\u015b\u0107 stosowania kilku ekran\u00f3w jednocze\u015bnie, co reguluje dost\u0119p \u015bwiat\u0142a do pomieszczenia,<\/li><li>posiada niesko\u0144czon\u0105 ilo\u015b\u0107 kolor\u00f3w i wzor\u00f3w, kt\u00f3re mog\u0105 by\u0107 stosowane w dowolnej konfiguracji,<\/li><li>nowoczesna dekoracja okienna zast\u0119pi firany i zas\u0142ony,<\/li><li>\u0142atwe w utrzymaniu czysto\u015bci,<\/li><li>mocowane s\u0105 we wn\u0119ce okiennej, na \u015bcianie lub na suficie.<\/li><\/ul>\n\n\n\n<figure class=\"wp-block-gallery columns-2 is-cropped wp-block-gallery-1 is-layout-flex wp-block-gallery-is-layout-flex\"><ul class=\"blocks-gallery-grid\"><li class=\"blocks-gallery-item\"><figure><img loading=\"lazy\" decoding=\"async\" width=\"550\" height=\"413\" src=\"http:\/\/konekt-art.pl\/wp-content\/uploads\/2021\/04\/176912-1.jpeg\" alt=\"\" data-id=\"2178\" data-full-url=\"http:\/\/konekt-art.pl\/wp-content\/uploads\/2021\/04\/176912-1.jpeg\" data-link=\"http:\/\/konekt-art.pl\/index.php\/produkty\/panel-track\/176912-2\/#main\" class=\"wp-image-2178\" srcset=\"https:\/\/konekt-art.pl\/wp-content\/uploads\/2021\/04\/176912-1.jpeg 550w, https:\/\/konekt-art.pl\/wp-content\/uploads\/2021\/04\/176912-1-300x225.jpeg 300w\" sizes=\"auto, (max-width: 550px) 100vw, 550px\" \/><\/figure><\/li><li class=\"blocks-gallery-item\"><figure><img loading=\"lazy\" decoding=\"async\" width=\"640\" height=\"453\" src=\"http:\/\/konekt-art.pl\/wp-content\/uploads\/2021\/04\/82577.jpeg\" alt=\"\" data-id=\"2177\" data-full-url=\"http:\/\/konekt-art.pl\/wp-content\/uploads\/2021\/04\/82577.jpeg\" data-link=\"http:\/\/konekt-art.pl\/index.php\/produkty\/panel-track\/attachment\/82577\/#main\" class=\"wp-image-2177\" srcset=\"https:\/\/konekt-art.pl\/wp-content\/uploads\/2021\/04\/82577.jpeg 640w, https:\/\/konekt-art.pl\/wp-content\/uploads\/2021\/04\/82577-300x212.jpeg 300w\" sizes=\"auto, (max-width: 640px) 100vw, 640px\" \/><\/figure><\/li><\/ul><\/figure>\n","protected":false},"excerpt":{"rendered":"<p>Panel track to zas\u0142ony dodaj\u0105ce wn\u0119trzu nowoczesnego i stylowego charakteru. Jest to atrakcyjna dekoracja nie tylko okna, ale r\u00f3wnie\u017c \u015bciany. Zas\u0142ony Panel track posiadaj\u0105 wiele zalet: Dzi\u0119ki panelom mo\u017cesz podzieli\u0107 przestrze\u0144 prywatn\u0105 oraz publiczn\u0105, dzieli wi\u0119ksz\u0105 przestrze\u0144 na mniejsze cz\u0119\u015bci, daje ci mo\u017cliwo\u015b\u0107 stosowania kilku ekran\u00f3w jednocze\u015bnie, co reguluje dost\u0119p \u015bwiat\u0142a do pomieszczenia, posiada niesko\u0144czon\u0105&#8230; <\/p>\n","protected":false},"author":1,"featured_media":0,"parent":2048,"menu_order":0,"comment_status":"closed","ping_status":"closed","template":"","meta":{"footnotes":""},"class_list":["post-2109","page","type-page","status-publish","hentry"],"featured_image_urls":{"full":"","thumbnail":"","medium":"","medium_large":"","large":"","1536x1536":"","2048x2048":"","homepage-thumb":""},"post_excerpt_stackable":"<p>Panel track to zas\u0142ony dodaj\u0105ce wn\u0119trzu nowoczesnego i stylowego charakteru. Jest to atrakcyjna dekoracja nie tylko okna, ale r\u00f3wnie\u017c \u015bciany. Zas\u0142ony Panel track posiadaj\u0105 wiele zalet: Dzi\u0119ki panelom mo\u017cesz podzieli\u0107 przestrze\u0144 prywatn\u0105 oraz publiczn\u0105,dzieli wi\u0119ksz\u0105 przestrze\u0144 na mniejsze cz\u0119\u015bci,daje ci mo\u017cliwo\u015b\u0107 stosowania kilku ekran\u00f3w jednocze\u015bnie, co reguluje dost\u0119p \u015bwiat\u0142a do pomieszczenia,posiada niesko\u0144czon\u0105 ilo\u015b\u0107 kolor\u00f3w i wzor\u00f3w, kt\u00f3re mog\u0105 by\u0107 stosowane w dowolnej konfiguracji,nowoczesna dekoracja okienna zast\u0119pi firany i zas\u0142ony,\u0142atwe w utrzymaniu czysto\u015bci,mocowane s\u0105 we wn\u0119ce okiennej, na \u015bcianie lub na suficie.<\/p>\n","category_list":"","author_info":{"name":"admin","url":"https:\/\/konekt-art.pl\/index.php\/author\/admin\/"},"comments_num":"0 comments","yoast_head":"<!-- This site is optimized with the Yoast SEO plugin v16.1.1 - https:\/\/yoast.com\/wordpress\/plugins\/seo\/ -->\n<title>Panel track - Konekt-art<\/title>\n<meta name=\"description\" content=\"Panel track to zas\u0142ony, kt\u00f3re dodadz\u0105 wn\u0119trzu nowoczesnego i stylowego charakteru. Jest to dekoracja nie tylko okna, ale r\u00f3wie\u017c \u015bciany.\" \/>\n<link rel=\"canonical\" href=\"https:\/\/konekt-art.pl\/index.php\/produkty\/panel-track\/\" \/>\n<meta property=\"og:locale\" content=\"pl_PL\" \/>\n<meta property=\"og:type\" content=\"article\" \/>\n<meta property=\"og:title\" content=\"Panel track - Konekt-art\" \/>\n<meta property=\"og:description\" content=\"Panel track to zas\u0142ony, kt\u00f3re dodadz\u0105 wn\u0119trzu nowoczesnego i stylowego charakteru. Jest to dekoracja nie tylko okna, ale r\u00f3wie\u017c \u015bciany.\" \/>\n<meta property=\"og:url\" content=\"https:\/\/konekt-art.pl\/index.php\/produkty\/panel-track\/\" \/>\n<meta property=\"og:site_name\" content=\"Konekt-art\" \/>\n<meta property=\"article:modified_time\" content=\"2021-11-28T14:46:15+00:00\" \/>\n<meta property=\"og:image\" content=\"http:\/\/konekt-art.pl\/wp-content\/uploads\/2021\/04\/176912-1.jpeg\" \/>\n<meta name=\"twitter:card\" content=\"summary_large_image\" \/>\n<meta name=\"twitter:label1\" content=\"Szacowany czas czytania\">\n\t<meta name=\"twitter:data1\" content=\"1 minuta\">\n<script type=\"application\/ld+json\" class=\"yoast-schema-graph\">{\"@context\":\"https:\/\/schema.org\",\"@graph\":[{\"@type\":\"WebSite\",\"@id\":\"https:\/\/konekt-art.pl\/#website\",\"url\":\"https:\/\/konekt-art.pl\/\",\"name\":\"Konekt-art\",\"description\":\"\",\"potentialAction\":[{\"@type\":\"SearchAction\",\"target\":\"https:\/\/konekt-art.pl\/?s={search_term_string}\",\"query-input\":\"required name=search_term_string\"}],\"inLanguage\":\"pl-PL\"},{\"@type\":\"ImageObject\",\"@id\":\"https:\/\/konekt-art.pl\/index.php\/produkty\/panel-track\/#primaryimage\",\"inLanguage\":\"pl-PL\",\"url\":\"http:\/\/konekt-art.pl\/wp-content\/uploads\/2021\/04\/176912-1.jpeg\",\"contentUrl\":\"http:\/\/konekt-art.pl\/wp-content\/uploads\/2021\/04\/176912-1.jpeg\"},{\"@type\":\"WebPage\",\"@id\":\"https:\/\/konekt-art.pl\/index.php\/produkty\/panel-track\/#webpage\",\"url\":\"https:\/\/konekt-art.pl\/index.php\/produkty\/panel-track\/\",\"name\":\"Panel track - Konekt-art\",\"isPartOf\":{\"@id\":\"https:\/\/konekt-art.pl\/#website\"},\"primaryImageOfPage\":{\"@id\":\"https:\/\/konekt-art.pl\/index.php\/produkty\/panel-track\/#primaryimage\"},\"datePublished\":\"2021-04-09T20:31:13+00:00\",\"dateModified\":\"2021-11-28T14:46:15+00:00\",\"description\":\"Panel track to zas\\u0142ony, kt\\u00f3re dodadz\\u0105 wn\\u0119trzu nowoczesnego i stylowego charakteru. Jest to dekoracja nie tylko okna, ale r\\u00f3wie\\u017c \\u015bciany.\",\"breadcrumb\":{\"@id\":\"https:\/\/konekt-art.pl\/index.php\/produkty\/panel-track\/#breadcrumb\"},\"inLanguage\":\"pl-PL\",\"potentialAction\":[{\"@type\":\"ReadAction\",\"target\":[\"https:\/\/konekt-art.pl\/index.php\/produkty\/panel-track\/\"]}]},{\"@type\":\"BreadcrumbList\",\"@id\":\"https:\/\/konekt-art.pl\/index.php\/produkty\/panel-track\/#breadcrumb\",\"itemListElement\":[{\"@type\":\"ListItem\",\"position\":1,\"item\":{\"@type\":\"WebPage\",\"@id\":\"https:\/\/konekt-art.pl\/\",\"url\":\"https:\/\/konekt-art.pl\/\",\"name\":\"Strona G\\u0142\\u00f3wna\"}},{\"@type\":\"ListItem\",\"position\":2,\"item\":{\"@type\":\"WebPage\",\"@id\":\"https:\/\/konekt-art.pl\/index.php\/produkty\/\",\"url\":\"https:\/\/konekt-art.pl\/index.php\/produkty\/\",\"name\":\"Produkty\"}},{\"@type\":\"ListItem\",\"position\":3,\"item\":{\"@type\":\"WebPage\",\"@id\":\"https:\/\/konekt-art.pl\/index.php\/produkty\/panel-track\/\",\"url\":\"https:\/\/konekt-art.pl\/index.php\/produkty\/panel-track\/\",\"name\":\"Panel track\"}}]}]}<\/script>\n<!-- \/ Yoast SEO plugin. -->","_links":{"self":[{"href":"https:\/\/konekt-art.pl\/index.php\/wp-json\/wp\/v2\/pages\/2109","targetHints":{"allow":["GET"]}}],"collection":[{"href":"https:\/\/konekt-art.pl\/index.php\/wp-json\/wp\/v2\/pages"}],"about":[{"href":"https:\/\/konekt-art.pl\/index.php\/wp-json\/wp\/v2\/types\/page"}],"author":[{"embeddable":true,"href":"https:\/\/konekt-art.pl\/index.php\/wp-json\/wp\/v2\/users\/1"}],"replies":[{"embeddable":true,"href":"https:\/\/konekt-art.pl\/index.php\/wp-json\/wp\/v2\/comments?post=2109"}],"version-history":[{"count":11,"href":"https:\/\/konekt-art.pl\/index.php\/wp-json\/wp\/v2\/pages\/2109\/revisions"}],"predecessor-version":[{"id":2497,"href":"https:\/\/konekt-art.pl\/index.php\/wp-json\/wp\/v2\/pages\/2109\/revisions\/2497"}],"up":[{"embeddable":true,"href":"https:\/\/konekt-art.pl\/index.php\/wp-json\/wp\/v2\/pages\/2048"}],"wp:attachment":[{"href":"https:\/\/konekt-art.pl\/index.php\/wp-json\/wp\/v2\/media?parent=2109"}],"curies":[{"name":"wp","href":"https:\/\/api.w.org\/{rel}","templated":true}]}}