{"id":2048,"date":"2021-04-09T19:52:32","date_gmt":"2021-04-09T17:52:32","guid":{"rendered":"http:\/\/konekt-art.pl\/?page_id=2048"},"modified":"2021-11-28T16:18:03","modified_gmt":"2021-11-28T15:18:03","slug":"produkty","status":"publish","type":"page","link":"https:\/\/konekt-art.pl\/index.php\/produkty\/","title":{"rendered":"Produkty"},"content":{"rendered":"\n<h2 class=\"wp-block-heading\">Posiadamy wszystko co jest zwi\u0105zane ze s\u0142oncem i ochrona przed nim. <\/h2>\n\n\n\n<p>Dzi\u0119ki d\u0142ugoletnim do\u015bwiadczeniu potrafimy spe\u0142ni\u0107 nawet te najdziwniejsze wymagania naszych klient\u00f3w. <\/p>\n\n\n\n<ul class=\"wp-block-list\"><li>wewntrz\u0119trzne<ul><li>Rolety materia\u0142owe<\/li><li>Plisy<\/li><li>\u017baluzje poziome i pionowe, drewniane i aluminiowe<\/li><li>Rolety rzymskie, Panel Track oraz zas\u0142ony i firany<\/li><li>Folie okienne podstawowe, techniczne oraz specjalistyczne<\/li><\/ul><\/li><li>zewn\u0119trzne<ul><li>Rolety antyw\u0142amaniowe<\/li><li>\u017baluzje fasadowe<\/li><li>Rolety fasadowe<\/li><li>Moskitiery okienne i drzwiowe<\/li><li>Markiza<\/li><li>Pergola<\/li><li>Rolety z funkcj\u0105 \u017caluzji<\/li><\/ul><\/li><\/ul>\n\n\n\n<p>Montujemy rolety elektryczne lub obs\u0142ugiwane r\u0119cznie, kt\u00f3re przeznaczone s\u0105 r\u00f3wnie\u017c dla Inteligentnych Dom\u00f3w.<br>Posiadamy w ofercie rolety z elektryk\u0105 Somfy, Elero, Inel, Yooda oraz Aqara.<\/p>\n\n\n\n<p>Dodatkowo \u015bwiadczymy us\u0142ugi naprawy serwisu wszelkich wys\u0142on okiennych oraz regulacji stolarki okiennej.<\/p>\n\n\n\n<p>Jeste\u015bmy otwarci na sprzeda\u017c hurtow\u0105 i detaliczn\u0105.<\/p>\n","protected":false},"excerpt":{"rendered":"<p>Posiadamy wszystko co jest zwi\u0105zane ze s\u0142oncem i ochrona przed nim. Dzi\u0119ki d\u0142ugoletnim do\u015bwiadczeniu potrafimy spe\u0142ni\u0107 nawet te najdziwniejsze wymagania naszych klient\u00f3w. wewntrz\u0119trzne Rolety materia\u0142owe Plisy \u017baluzje poziome i pionowe, drewniane i aluminiowe Rolety rzymskie, Panel Track oraz zas\u0142ony i firany Folie okienne podstawowe, techniczne oraz specjalistyczne zewn\u0119trzne Rolety antyw\u0142amaniowe \u017baluzje fasadowe Rolety fasadowe Moskitiery&#8230; <\/p>\n","protected":false},"author":1,"featured_media":0,"parent":0,"menu_order":0,"comment_status":"closed","ping_status":"closed","template":"","meta":{"footnotes":""},"class_list":["post-2048","page","type-page","status-publish","hentry"],"featured_image_urls":{"full":"","thumbnail":"","medium":"","medium_large":"","large":"","1536x1536":"","2048x2048":"","homepage-thumb":""},"post_excerpt_stackable":"<p>Posiadamy wszystko co jest zwi\u0105zane ze s\u0142oncem i ochrona przed nim. Dzi\u0119ki d\u0142ugoletnim do\u015bwiadczeniu potrafimy spe\u0142ni\u0107 nawet te najdziwniejsze wymagania naszych klient\u00f3w. wewntrz\u0119trzneRolety materia\u0142owePlisy\u017baluzje poziome i pionowe, drewniane i aluminioweRolety rzymskie, Panel Track oraz zas\u0142ony i firanyFolie okienne podstawowe, techniczne oraz specjalistycznezewn\u0119trzneRolety antyw\u0142amaniowe\u017baluzje fasadoweRolety fasadoweMoskitiery okienne i drzwioweMarkizaPergolaRolety z funkcj\u0105 \u017caluzji Montujemy rolety elektryczne lub obs\u0142ugiwane r\u0119cznie, kt\u00f3re przeznaczone s\u0105 r\u00f3wnie\u017c dla Inteligentnych Dom\u00f3w.Posiadamy w ofercie rolety z elektryk\u0105 Somfy, Elero, Inel, Yooda oraz Aqara. Dodatkowo \u015bwiadczymy us\u0142ugi naprawy serwisu wszelkich wys\u0142on okiennych oraz regulacji stolarki okiennej. Jeste\u015bmy otwarci na sprzeda\u017c hurtow\u0105 i detaliczn\u0105.<\/p>\n","category_list":"","author_info":{"name":"admin","url":"https:\/\/konekt-art.pl\/index.php\/author\/admin\/"},"comments_num":"0 comments","yoast_head":"<!-- This site is optimized with the Yoast SEO plugin v16.1.1 - https:\/\/yoast.com\/wordpress\/plugins\/seo\/ -->\n<title>Produkty - Konekt-art<\/title>\n<meta name=\"description\" content=\"Zajmujemy si\u0119 produkcj\u0105 rolet, plis i rolet rzymskich oraz moskitier okiennych i drzwiowych. Jeste\u015bmy dystrybutorem \u017caluzji, markiz, pergoli.\" \/>\n<link rel=\"canonical\" href=\"https:\/\/konekt-art.pl\/index.php\/produkty\/\" \/>\n<meta property=\"og:locale\" content=\"pl_PL\" \/>\n<meta property=\"og:type\" content=\"article\" \/>\n<meta property=\"og:title\" content=\"Produkty - Konekt-art\" \/>\n<meta property=\"og:description\" content=\"Zajmujemy si\u0119 produkcj\u0105 rolet, plis i rolet rzymskich oraz moskitier okiennych i drzwiowych. Jeste\u015bmy dystrybutorem \u017caluzji, markiz, pergoli.\" \/>\n<meta property=\"og:url\" content=\"https:\/\/konekt-art.pl\/index.php\/produkty\/\" \/>\n<meta property=\"og:site_name\" content=\"Konekt-art\" \/>\n<meta property=\"article:modified_time\" content=\"2021-11-28T15:18:03+00:00\" \/>\n<meta name=\"twitter:card\" content=\"summary_large_image\" \/>\n<meta name=\"twitter:label1\" content=\"Szacowany czas czytania\">\n\t<meta name=\"twitter:data1\" content=\"1 minuta\">\n<script type=\"application\/ld+json\" class=\"yoast-schema-graph\">{\"@context\":\"https:\/\/schema.org\",\"@graph\":[{\"@type\":\"WebSite\",\"@id\":\"https:\/\/konekt-art.pl\/#website\",\"url\":\"https:\/\/konekt-art.pl\/\",\"name\":\"Konekt-art\",\"description\":\"\",\"potentialAction\":[{\"@type\":\"SearchAction\",\"target\":\"https:\/\/konekt-art.pl\/?s={search_term_string}\",\"query-input\":\"required name=search_term_string\"}],\"inLanguage\":\"pl-PL\"},{\"@type\":\"WebPage\",\"@id\":\"https:\/\/konekt-art.pl\/index.php\/produkty\/#webpage\",\"url\":\"https:\/\/konekt-art.pl\/index.php\/produkty\/\",\"name\":\"Produkty - Konekt-art\",\"isPartOf\":{\"@id\":\"https:\/\/konekt-art.pl\/#website\"},\"datePublished\":\"2021-04-09T17:52:32+00:00\",\"dateModified\":\"2021-11-28T15:18:03+00:00\",\"description\":\"Zajmujemy si\\u0119 produkcj\\u0105 rolet, plis i rolet rzymskich oraz moskitier okiennych i drzwiowych. Jeste\\u015bmy dystrybutorem \\u017caluzji, markiz, pergoli.\",\"breadcrumb\":{\"@id\":\"https:\/\/konekt-art.pl\/index.php\/produkty\/#breadcrumb\"},\"inLanguage\":\"pl-PL\",\"potentialAction\":[{\"@type\":\"ReadAction\",\"target\":[\"https:\/\/konekt-art.pl\/index.php\/produkty\/\"]}]},{\"@type\":\"BreadcrumbList\",\"@id\":\"https:\/\/konekt-art.pl\/index.php\/produkty\/#breadcrumb\",\"itemListElement\":[{\"@type\":\"ListItem\",\"position\":1,\"item\":{\"@type\":\"WebPage\",\"@id\":\"https:\/\/konekt-art.pl\/\",\"url\":\"https:\/\/konekt-art.pl\/\",\"name\":\"Strona G\\u0142\\u00f3wna\"}},{\"@type\":\"ListItem\",\"position\":2,\"item\":{\"@type\":\"WebPage\",\"@id\":\"https:\/\/konekt-art.pl\/index.php\/produkty\/\",\"url\":\"https:\/\/konekt-art.pl\/index.php\/produkty\/\",\"name\":\"Produkty\"}}]}]}<\/script>\n<!-- \/ Yoast SEO plugin. -->","_links":{"self":[{"href":"https:\/\/konekt-art.pl\/index.php\/wp-json\/wp\/v2\/pages\/2048","targetHints":{"allow":["GET"]}}],"collection":[{"href":"https:\/\/konekt-art.pl\/index.php\/wp-json\/wp\/v2\/pages"}],"about":[{"href":"https:\/\/konekt-art.pl\/index.php\/wp-json\/wp\/v2\/types\/page"}],"author":[{"embeddable":true,"href":"https:\/\/konekt-art.pl\/index.php\/wp-json\/wp\/v2\/users\/1"}],"replies":[{"embeddable":true,"href":"https:\/\/konekt-art.pl\/index.php\/wp-json\/wp\/v2\/comments?post=2048"}],"version-history":[{"count":16,"href":"https:\/\/konekt-art.pl\/index.php\/wp-json\/wp\/v2\/pages\/2048\/revisions"}],"predecessor-version":[{"id":2511,"href":"https:\/\/konekt-art.pl\/index.php\/wp-json\/wp\/v2\/pages\/2048\/revisions\/2511"}],"wp:attachment":[{"href":"https:\/\/konekt-art.pl\/index.php\/wp-json\/wp\/v2\/media?parent=2048"}],"curies":[{"name":"wp","href":"https:\/\/api.w.org\/{rel}","templated":true}]}}